{"id":2296,"date":"2023-09-19T12:43:14","date_gmt":"2023-09-19T12:43:14","guid":{"rendered":"https:\/\/fondazione-polojaz.org\/domov\/"},"modified":"2026-05-04T06:26:50","modified_gmt":"2026-05-04T06:26:50","slug":"domov","status":"publish","type":"page","link":"https:\/\/fondazione-polojaz.org\/sl\/","title":{"rendered":"Domov"},"content":{"rendered":"\t\t<div data-elementor-type=\"wp-page\" data-elementor-id=\"2296\" class=\"elementor elementor-2296 elementor-780\">\n\t\t\t\t<div class=\"elementor-element elementor-element-c65ec9f e-flex e-con-boxed e-con e-parent\" data-id=\"c65ec9f\" data-element_type=\"container\" data-settings=\"{&quot;background_background&quot;:&quot;classic&quot;}\">\n\t\t\t\t\t<div class=\"e-con-inner\">\n\t\t\t\t\t<\/div>\n\t\t\t\t<\/div>\n\t\t<div class=\"elementor-element elementor-element-fe13f8a e-flex e-con-boxed e-con e-parent\" data-id=\"fe13f8a\" data-element_type=\"container\">\n\t\t\t\t\t<div class=\"e-con-inner\">\n\t\t\t\t<div class=\"elementor-element elementor-element-552e5c8 elementor-widget elementor-widget-spacer\" data-id=\"552e5c8\" data-element_type=\"widget\" data-widget_type=\"spacer.default\">\n\t\t\t\t<div class=\"elementor-widget-container\">\n\t\t\t\t\t<div class=\"elementor-spacer\">\n\t\t\t<div class=\"elementor-spacer-inner\"><\/div>\n\t\t<\/div>\n\t\t\t\t<\/div>\n\t\t\t\t<\/div>\n\t\t\t\t\t<\/div>\n\t\t\t\t<\/div>\n\t\t<div class=\"elementor-element elementor-element-aa5ab41 custom-raper e-flex e-con-boxed e-con e-parent\" data-id=\"aa5ab41\" data-element_type=\"container\">\n\t\t\t\t\t<div class=\"e-con-inner\">\n\t\t<div class=\"elementor-element elementor-element-da46bc5 e-con-full custom-aline e-flex e-con e-child\" data-id=\"da46bc5\" data-element_type=\"container\">\n\t\t\t\t<div class=\"elementor-element elementor-element-520246f elementor-widget-mobile__width-inherit elementor-widget__width-initial elementor-widget elementor-widget-image\" data-id=\"520246f\" data-element_type=\"widget\" data-widget_type=\"image.default\">\n\t\t\t\t<div class=\"elementor-widget-container\">\n\t\t\t\t\t\t\t\t\t\t\t\t\t<img decoding=\"async\" width=\"200\" height=\"200\" src=\"https:\/\/fondazione-polojaz.org\/wp-content\/uploads\/2024\/02\/Untitled-design1.png\" class=\"attachment-2048x2048 size-2048x2048 wp-image-3685\" alt=\"\" srcset=\"https:\/\/fondazione-polojaz.org\/wp-content\/uploads\/2024\/02\/Untitled-design1.png 200w, https:\/\/fondazione-polojaz.org\/wp-content\/uploads\/2024\/02\/Untitled-design1-150x150.png 150w\" sizes=\"(max-width: 200px) 100vw, 200px\" style=\"width:100%;height:100%;max-width:200px\" \/>\t\t\t\t\t\t\t\t\t\t\t\t\t<\/div>\n\t\t\t\t<\/div>\n\t\t\t\t<\/div>\n\t\t<div class=\"elementor-element elementor-element-35dc419 e-con-full e-flex e-con e-child\" data-id=\"35dc419\" data-element_type=\"container\">\n\t\t\t\t<div class=\"elementor-element elementor-element-c0546c3 elementor-widget elementor-widget-text-editor\" data-id=\"c0546c3\" data-element_type=\"widget\" data-widget_type=\"text-editor.default\">\n\t\t\t\t<div class=\"elementor-widget-container\">\n\t\t\t\t\t\t\t<div class=\"inner-logo\"><h1 style=\"color: #1c244b; font-size: 50px; font-family: Margon 430; margin-left: -110px;\">FONDAZIONE-SKLAD<\/h1><h2 style=\"color: #1c244b; font-size: 30px; font-family: Margon 430; margin-left: -110px; font-weight: 300; letter-spacing: 5px;\">LIBERO ZORA POLOJAZ-ETS<\/h2><\/div>\t\t\t\t\t\t<\/div>\n\t\t\t\t<\/div>\n\t\t\t\t<\/div>\n\t\t\t\t\t<\/div>\n\t\t\t\t<\/div>\n\t\t<div class=\"elementor-element elementor-element-66385a2 e-flex e-con-boxed e-con e-parent\" data-id=\"66385a2\" data-element_type=\"container\">\n\t\t\t\t\t<div class=\"e-con-inner\">\n\t\t\t\t<div class=\"elementor-element elementor-element-1f3f28e elementor-widget elementor-widget-spacer\" data-id=\"1f3f28e\" data-element_type=\"widget\" data-widget_type=\"spacer.default\">\n\t\t\t\t<div class=\"elementor-widget-container\">\n\t\t\t\t\t<div class=\"elementor-spacer\">\n\t\t\t<div class=\"elementor-spacer-inner\"><\/div>\n\t\t<\/div>\n\t\t\t\t<\/div>\n\t\t\t\t<\/div>\n\t\t<div class=\"elementor-element elementor-element-0a321ab e-flex e-con-boxed e-con e-child\" data-id=\"0a321ab\" data-element_type=\"container\">\n\t\t\t\t\t<div class=\"e-con-inner\">\n\t\t\t\t\t<\/div>\n\t\t\t\t<\/div>\n\t\t\t\t\t<\/div>\n\t\t\t\t<\/div>\n\t\t<div class=\"elementor-element elementor-element-4c3cac6b e-flex e-con-boxed e-con e-parent\" data-id=\"4c3cac6b\" data-element_type=\"container\">\n\t\t\t\t\t<div class=\"e-con-inner\">\n\t\t<div class=\"elementor-element elementor-element-38737bf9 e-con-full e-flex e-con e-child\" data-id=\"38737bf9\" data-element_type=\"container\">\n\t\t\t\t<div class=\"elementor-element elementor-element-4fa4a666 elementor-widget-tablet__width-inherit elementor-widget elementor-widget-heading\" data-id=\"4fa4a666\" data-element_type=\"widget\" data-widget_type=\"heading.default\">\n\t\t\t\t<div class=\"elementor-widget-container\">\n\t\t\t<h2 class=\"elementor-heading-title elementor-size-default\">Kak\u0161ni so na\u0161i cilji?<\/h2>\t\t<\/div>\n\t\t\t\t<\/div>\n\t\t\t\t<div class=\"elementor-element elementor-element-3e691c69 elementor-widget-tablet__width-inherit elementor-widget elementor-widget-text-editor\" data-id=\"3e691c69\" data-element_type=\"widget\" data-widget_type=\"text-editor.default\">\n\t\t\t\t<div class=\"elementor-widget-container\">\n\t\t\t\t\t\t\t<p class=\"NewsSummaryContent\"><span class=\"NewsSummaryContent\">Namen, ki nas zdru\u017euje in spodbuja na\u0161e pobude, izvira iz zavedanja, da je so\u017eitje med razli\u010dnimi narodi in jezikovnimi skupnostmi mogo\u010de le s komunikacijo in medsebojnim poznavanjem. Na\u0161 glavni cilj je torej spodbujati stike med Italijo (predvsem Furlanijo Julijsko krajino in Venetom) ter slovanskimi dr\u017eavami, predvsem tistimi na balkanskem obmo\u010dju, ter krepiti odnose med razli\u010dnimi jezikovnimi skupnostmi v dr\u017eavi. <\/span><span class=\"NewsSummaryContent\">Zato si sklad prizadeva omogo\u010diti dru\u017ebene, kulturne, znanstvene in izobra\u017eevalne izmenjave med omenjenimi skupinami prebivalstva.<\/span><\/p>\t\t\t\t\t\t<\/div>\n\t\t\t\t<\/div>\n\t\t\t\t<\/div>\n\t\t<div class=\"elementor-element elementor-element-34530233 e-con-full e-flex e-con e-child\" data-id=\"34530233\" data-element_type=\"container\" data-settings=\"{&quot;background_background&quot;:&quot;classic&quot;}\">\n\t\t\t\t<\/div>\n\t\t\t\t\t<\/div>\n\t\t\t\t<\/div>\n\t\t<div class=\"elementor-element elementor-element-b53d8ca e-flex e-con-boxed e-con e-parent\" data-id=\"b53d8ca\" data-element_type=\"container\">\n\t\t\t\t\t<div class=\"e-con-inner\">\n\t\t<div class=\"elementor-element elementor-element-adf185a e-con-full e-flex e-con e-child\" data-id=\"adf185a\" data-element_type=\"container\">\n\t\t\t\t<div class=\"elementor-element elementor-element-3183845 elementor-widget elementor-widget-heading\" data-id=\"3183845\" data-element_type=\"widget\" data-widget_type=\"heading.default\">\n\t\t\t\t<div class=\"elementor-widget-container\">\n\t\t\t<h4 class=\"elementor-heading-title elementor-size-default\">Sklad zlasti:<\/h4>\t\t<\/div>\n\t\t\t\t<\/div>\n\t\t\t\t<div class=\"elementor-element elementor-element-025263b elementor-align-left icon-align elementor-list-item-link-full_width elementor-widget elementor-widget-icon-list\" data-id=\"025263b\" data-element_type=\"widget\" data-widget_type=\"icon-list.default\">\n\t\t\t\t<div class=\"elementor-widget-container\">\n\t\t\t\t\t<ul class=\"elementor-icon-list-items\">\n\t\t\t\t\t\t\t<li class=\"elementor-icon-list-item\">\n\t\t\t\t\t\t\t\t\t\t\t<span class=\"elementor-icon-list-icon\">\n\t\t\t\t\t\t\t<i aria-hidden=\"true\" class=\"fas fa-chevron-right\"><\/i>\t\t\t\t\t\t<\/span>\n\t\t\t\t\t\t\t\t\t\t<span class=\"elementor-icon-list-text\">Financira posebne in pomembne kulturne, znanstvene in rekreacijske dogodke ter projekte, tudi v zvezi z varstvom okolja.<\/span>\n\t\t\t\t\t\t\t\t\t<\/li>\n\t\t\t\t\t\t\t\t<li class=\"elementor-icon-list-item\">\n\t\t\t\t\t\t\t\t\t\t\t<span class=\"elementor-icon-list-icon\">\n\t\t\t\t\t\t\t<i aria-hidden=\"true\" class=\"fas fa-chevron-right\"><\/i>\t\t\t\t\t\t<\/span>\n\t\t\t\t\t\t\t\t\t\t<span class=\"elementor-icon-list-text\">Zagotavlja \u0161tipendije mladim diplomantom in \u0161tudentom, ki jih zanimajo raziskave za izbolj\u0161anje okoljskih in socialnih virov, s ciljem ubla\u017eitve kulturne in \u010dustvene stiske prebivalstva, ki jo povzro\u010dajo vojni spopadi med razli\u010dnimi etni\u010dnimi skupinami na istem ozemlju.<\/span>\n\t\t\t\t\t\t\t\t\t<\/li>\n\t\t\t\t\t\t\t\t<li class=\"elementor-icon-list-item\">\n\t\t\t\t\t\t\t\t\t\t\t<span class=\"elementor-icon-list-icon\">\n\t\t\t\t\t\t\t<i aria-hidden=\"true\" class=\"fas fa-chevron-right\"><\/i>\t\t\t\t\t\t<\/span>\n\t\t\t\t\t\t\t\t\t\t<span class=\"elementor-icon-list-text\">S \u0161tudijami in raziskavami poudarja \u010dustveni, du\u0161evni in socialni vpliv na mladoletne priseljence ter njihovo vklju\u010devanje v novo dru\u017ebeno-kulturno okolje, z namenom na\u010drtovanja podpornih ukrepov lokalne skupnosti.<\/span>\n\t\t\t\t\t\t\t\t\t<\/li>\n\t\t\t\t\t\t\t\t<li class=\"elementor-icon-list-item\">\n\t\t\t\t\t\t\t\t\t\t\t<span class=\"elementor-icon-list-icon\">\n\t\t\t\t\t\t\t<i aria-hidden=\"true\" class=\"fas fa-chevron-right\"><\/i>\t\t\t\t\t\t<\/span>\n\t\t\t\t\t\t\t\t\t\t<span class=\"elementor-icon-list-text\">Z ustreznimi projekti pomaga pri vklju\u010devanju dijakov razli\u010dnih narodnosti v obvezne \u0161ole s slovenskim u\u010dnim jezikom, ne da bi se dijaki morali odpovedati kulturni in jezikovni identiteti;<\/span>\n\t\t\t\t\t\t\t\t\t<\/li>\n\t\t\t\t\t\t\t\t<li class=\"elementor-icon-list-item\">\n\t\t\t\t\t\t\t\t\t\t\t<span class=\"elementor-icon-list-icon\">\n\t\t\t\t\t\t\t<i aria-hidden=\"true\" class=\"fas fa-chevron-right\"><\/i>\t\t\t\t\t\t<\/span>\n\t\t\t\t\t\t\t\t\t\t<span class=\"elementor-icon-list-text\">Spodbuja socialne, kulturne, znanstvene in rekreacijske pobude, ki povezujejo predstavnike bli\u017enjih republik z balkanskega obmo\u010dja in de\u017eele Furlanije Julijske krajine;<\/span>\n\t\t\t\t\t\t\t\t\t<\/li>\n\t\t\t\t\t\t\t\t<li class=\"elementor-icon-list-item\">\n\t\t\t\t\t\t\t\t\t\t\t<span class=\"elementor-icon-list-icon\">\n\t\t\t\t\t\t\t<i aria-hidden=\"true\" class=\"fas fa-chevron-right\"><\/i>\t\t\t\t\t\t<\/span>\n\t\t\t\t\t\t\t\t\t\t<span class=\"elementor-icon-list-text\">collaborare con le scuole con lingua d\u2019insegnamento italiana particolarmente sensibili alla nuova realt\u00e0 multietnica degli alunni;<\/span>\n\t\t\t\t\t\t\t\t\t<\/li>\n\t\t\t\t\t\t\t\t<li class=\"elementor-icon-list-item\">\n\t\t\t\t\t\t\t\t\t\t\t<span class=\"elementor-icon-list-icon\">\n\t\t\t\t\t\t\t<i aria-hidden=\"true\" class=\"fas fa-chevron-right\"><\/i>\t\t\t\t\t\t<\/span>\n\t\t\t\t\t\t\t\t\t\t<span class=\"elementor-icon-list-text\">sensibilizzare l\u2019opinione pubblica con l'organizzazione di convegni ed incontri sulla problematica della convivenza tra le diverse etnie, anche in collaborazione con istituti di ricerca.<\/span>\n\t\t\t\t\t\t\t\t\t<\/li>\n\t\t\t\t\t\t<\/ul>\n\t\t\t\t<\/div>\n\t\t\t\t<\/div>\n\t\t\t\t<\/div>\n\t\t\t\t\t<\/div>\n\t\t\t\t<\/div>\n\t\t<div class=\"elementor-element elementor-element-6f8ff4a e-flex e-con-boxed e-con e-parent\" data-id=\"6f8ff4a\" data-element_type=\"container\">\n\t\t\t\t\t<div class=\"e-con-inner\">\n\t\t\t\t<div class=\"elementor-element elementor-element-dab1ca3 elementor-widget elementor-widget-spacer\" data-id=\"dab1ca3\" data-element_type=\"widget\" data-widget_type=\"spacer.default\">\n\t\t\t\t<div class=\"elementor-widget-container\">\n\t\t\t\t\t<div class=\"elementor-spacer\">\n\t\t\t<div class=\"elementor-spacer-inner\"><\/div>\n\t\t<\/div>\n\t\t\t\t<\/div>\n\t\t\t\t<\/div>\n\t\t\t\t\t<\/div>\n\t\t\t\t<\/div>\n\t\t\t\t<\/div>\n\t\t","protected":false},"excerpt":{"rendered":"<p>FONDAZIONE-SKLAD LIBERO ZORA POLOJAZ-ETS Kak\u0161ni so na\u0161i cilji? Namen, ki nas zdru\u017euje in spodbuja na\u0161e pobude, izvira iz zavedanja, da je so\u017eitje med razli\u010dnimi narodi in jezikovnimi skupnostmi mogo\u010de le s komunikacijo in medsebojnim poznavanjem. Na\u0161 glavni cilj je torej spodbujati stike med Italijo (predvsem Furlanijo Julijsko krajino in Venetom) ter slovanskimi dr\u017eavami, predvsem tistimi&hellip; <a class=\"more-link\" href=\"https:\/\/fondazione-polojaz.org\/sl\/\">Continue reading <span class=\"screen-reader-text\">Domov<\/span><\/a><\/p>\n","protected":false},"author":1,"featured_media":0,"parent":0,"menu_order":0,"comment_status":"closed","ping_status":"closed","template":"elementor_header_footer","meta":{"_acf_changed":false,"footnotes":""},"class_list":["post-2296","page","type-page","status-publish","hentry","entry"],"acf":[],"_links":{"self":[{"href":"https:\/\/fondazione-polojaz.org\/sl\/wp-json\/wp\/v2\/pages\/2296","targetHints":{"allow":["GET"]}}],"collection":[{"href":"https:\/\/fondazione-polojaz.org\/sl\/wp-json\/wp\/v2\/pages"}],"about":[{"href":"https:\/\/fondazione-polojaz.org\/sl\/wp-json\/wp\/v2\/types\/page"}],"author":[{"embeddable":true,"href":"https:\/\/fondazione-polojaz.org\/sl\/wp-json\/wp\/v2\/users\/1"}],"replies":[{"embeddable":true,"href":"https:\/\/fondazione-polojaz.org\/sl\/wp-json\/wp\/v2\/comments?post=2296"}],"version-history":[{"count":74,"href":"https:\/\/fondazione-polojaz.org\/sl\/wp-json\/wp\/v2\/pages\/2296\/revisions"}],"predecessor-version":[{"id":4415,"href":"https:\/\/fondazione-polojaz.org\/sl\/wp-json\/wp\/v2\/pages\/2296\/revisions\/4415"}],"wp:attachment":[{"href":"https:\/\/fondazione-polojaz.org\/sl\/wp-json\/wp\/v2\/media?parent=2296"}],"curies":[{"name":"wp","href":"https:\/\/api.w.org\/{rel}","templated":true}]}}