{"id":2301,"date":"2023-09-19T10:03:49","date_gmt":"2023-09-19T10:03:49","guid":{"rendered":"https:\/\/fondazione-polojaz.org\/o-nas\/"},"modified":"2026-05-04T05:41:44","modified_gmt":"2026-05-04T05:41:44","slug":"o-skladu","status":"publish","type":"page","link":"https:\/\/fondazione-polojaz.org\/sl\/o-skladu\/","title":{"rendered":"Kdo smo"},"content":{"rendered":"\t\t<div data-elementor-type=\"wp-page\" data-elementor-id=\"2301\" class=\"elementor elementor-2301 elementor-330\">\n\t\t\t\t<div class=\"elementor-element elementor-element-7ef48034 e-con-full e-flex e-con e-parent\" data-id=\"7ef48034\" data-element_type=\"container\" data-settings=\"{&quot;background_background&quot;:&quot;classic&quot;}\">\n\t\t\t\t<div class=\"elementor-element elementor-element-22c767e7 elementor-widget elementor-widget-heading\" data-id=\"22c767e7\" data-element_type=\"widget\" data-widget_type=\"heading.default\">\n\t\t\t\t<div class=\"elementor-widget-container\">\n\t\t\t<h1 class=\"elementor-heading-title elementor-size-default\">Kdo smo<\/h1>\t\t<\/div>\n\t\t\t\t<\/div>\n\t\t\t\t<\/div>\n\t\t<div class=\"elementor-element elementor-element-733b00e e-flex e-con-boxed e-con e-parent\" data-id=\"733b00e\" data-element_type=\"container\">\n\t\t\t\t\t<div class=\"e-con-inner\">\n\t\t\t\t<div class=\"elementor-element elementor-element-80a6607 elementor-widget elementor-widget-spacer\" data-id=\"80a6607\" data-element_type=\"widget\" data-widget_type=\"spacer.default\">\n\t\t\t\t<div class=\"elementor-widget-container\">\n\t\t\t\t\t<div class=\"elementor-spacer\">\n\t\t\t<div class=\"elementor-spacer-inner\"><\/div>\n\t\t<\/div>\n\t\t\t\t<\/div>\n\t\t\t\t<\/div>\n\t\t\t\t\t<\/div>\n\t\t\t\t<\/div>\n\t\t<div class=\"elementor-element elementor-element-47a8853c e-con-full e-flex e-con e-parent\" data-id=\"47a8853c\" data-element_type=\"container\">\n\t\t<div class=\"elementor-element elementor-element-17565af1 e-con-full e-flex e-con e-child\" data-id=\"17565af1\" data-element_type=\"container\" data-settings=\"{&quot;background_background&quot;:&quot;classic&quot;}\">\n\t\t\t\t<\/div>\n\t\t<div class=\"elementor-element elementor-element-8734fb e-con-full e-flex e-con e-child\" data-id=\"8734fb\" data-element_type=\"container\">\n\t\t\t\t<div class=\"elementor-element elementor-element-662ba29b elementor-widget elementor-widget-text-editor\" data-id=\"662ba29b\" data-element_type=\"widget\" data-settings=\"{&quot;_animation&quot;:&quot;none&quot;,&quot;_animation_delay&quot;:400}\" data-widget_type=\"text-editor.default\">\n\t\t\t\t<div class=\"elementor-widget-container\">\n\t\t\t\t\t\t\t<p>Sklad je bil ustanovljen po zaslugi skupine ljudi, ki je \u017eelela ne le ohraniti spomin na zakonca Polojaz, temve\u010d tudi slediti nekaterim na\u010delom, ki sta jih zagovarjala.<\/p><p> Ve\u010dina \u010dlanov prihaja iz Furlanije-Julijske krajine (A. Lokar, G. Lokar, V. Lokar, B. Lokar, A. M. Oblak, S. Polojaz, V. Polojaz), medtem ko trije drugi (A. Braun, F. Donzelli, S. Pasquato) prihajajo iz sosednje de\u017eele Veneto.<\/p>\t\t\t\t\t\t<\/div>\n\t\t\t\t<\/div>\n\t\t\t\t<\/div>\n\t\t\t\t<\/div>\n\t\t<div class=\"elementor-element elementor-element-243b162b e-con-full e-flex e-con e-parent\" data-id=\"243b162b\" data-element_type=\"container\">\n\t\t<div class=\"elementor-element elementor-element-46fd6c19 e-con-full e-flex e-con e-child\" data-id=\"46fd6c19\" data-element_type=\"container\">\n\t\t\t\t<div class=\"elementor-element elementor-element-14575f6a elementor-widget__width-initial elementor-widget-mobile__width-inherit elementor-widget elementor-widget-text-editor\" data-id=\"14575f6a\" data-element_type=\"widget\" data-settings=\"{&quot;_animation&quot;:&quot;none&quot;}\" data-widget_type=\"text-editor.default\">\n\t\t\t\t<div class=\"elementor-widget-container\">\n\t\t\t\t\t\t\t<p>Sklad ima tudi znanstveni odbor, ki ga vodi predsednica Vlasta Polojaz, v njem pa sodelujejo Andrea Braun, Paolo Fonda in Marijan Kravos. <\/p><p>V preteklosti sta bila \u010dlana tudi Alessio Lokar (pokojni) in Stefano Pasquato (upokojen zaradi bolezni). Naloga znanstvenega odbora je predlagati projekte, ocenjevati vse predlo\u017eene pobude ter preverjati, ali so v skladu s cilji, dolo\u010denimi v statutu.<\/p>\t\t\t\t\t\t<\/div>\n\t\t\t\t<\/div>\n\t\t\t\t<\/div>\n\t\t<div class=\"elementor-element elementor-element-e1c9ce9 e-con-full e-flex e-con e-child\" data-id=\"e1c9ce9\" data-element_type=\"container\" data-settings=\"{&quot;background_background&quot;:&quot;classic&quot;}\">\n\t\t\t\t<\/div>\n\t\t\t\t<\/div>\n\t\t<div class=\"elementor-element elementor-element-d6d8547 e-flex e-con-boxed e-con e-parent\" data-id=\"d6d8547\" data-element_type=\"container\">\n\t\t\t\t\t<div class=\"e-con-inner\">\n\t\t\t\t<div class=\"elementor-element elementor-element-140868c elementor-widget elementor-widget-spacer\" data-id=\"140868c\" data-element_type=\"widget\" data-widget_type=\"spacer.default\">\n\t\t\t\t<div class=\"elementor-widget-container\">\n\t\t\t\t\t<div class=\"elementor-spacer\">\n\t\t\t<div class=\"elementor-spacer-inner\"><\/div>\n\t\t<\/div>\n\t\t\t\t<\/div>\n\t\t\t\t<\/div>\n\t\t\t\t\t<\/div>\n\t\t\t\t<\/div>\n\t\t\t\t<\/div>\n\t\t","protected":false},"excerpt":{"rendered":"<p>Kdo smo Sklad je bil ustanovljen po zaslugi skupine ljudi, ki je \u017eelela ne le ohraniti spomin na zakonca Polojaz, temve\u010d tudi slediti nekaterim na\u010delom, ki sta jih zagovarjala. Ve\u010dina \u010dlanov prihaja iz Furlanije-Julijske krajine (A. Lokar, G. Lokar, V. Lokar, B. Lokar, A. M. Oblak, S. Polojaz, V. Polojaz), medtem ko trije drugi (A.&hellip; <a class=\"more-link\" href=\"https:\/\/fondazione-polojaz.org\/sl\/o-skladu\/\">Continue reading <span class=\"screen-reader-text\">Kdo smo<\/span><\/a><\/p>\n","protected":false},"author":1,"featured_media":1978,"parent":0,"menu_order":0,"comment_status":"closed","ping_status":"closed","template":"elementor_header_footer","meta":{"_acf_changed":false,"footnotes":""},"class_list":["post-2301","page","type-page","status-publish","has-post-thumbnail","hentry","entry"],"acf":[],"_links":{"self":[{"href":"https:\/\/fondazione-polojaz.org\/sl\/wp-json\/wp\/v2\/pages\/2301","targetHints":{"allow":["GET"]}}],"collection":[{"href":"https:\/\/fondazione-polojaz.org\/sl\/wp-json\/wp\/v2\/pages"}],"about":[{"href":"https:\/\/fondazione-polojaz.org\/sl\/wp-json\/wp\/v2\/types\/page"}],"author":[{"embeddable":true,"href":"https:\/\/fondazione-polojaz.org\/sl\/wp-json\/wp\/v2\/users\/1"}],"replies":[{"embeddable":true,"href":"https:\/\/fondazione-polojaz.org\/sl\/wp-json\/wp\/v2\/comments?post=2301"}],"version-history":[{"count":21,"href":"https:\/\/fondazione-polojaz.org\/sl\/wp-json\/wp\/v2\/pages\/2301\/revisions"}],"predecessor-version":[{"id":4370,"href":"https:\/\/fondazione-polojaz.org\/sl\/wp-json\/wp\/v2\/pages\/2301\/revisions\/4370"}],"wp:featuredmedia":[{"embeddable":true,"href":"https:\/\/fondazione-polojaz.org\/sl\/wp-json\/wp\/v2\/media\/1978"}],"wp:attachment":[{"href":"https:\/\/fondazione-polojaz.org\/sl\/wp-json\/wp\/v2\/media?parent=2301"}],"curies":[{"name":"wp","href":"https:\/\/api.w.org\/{rel}","templated":true}]}}