{"id":2313,"date":"2023-09-19T10:03:44","date_gmt":"2023-09-19T10:03:44","guid":{"rendered":"https:\/\/fondazione-polojaz.org\/pisite-na\/"},"modified":"2024-08-23T12:54:24","modified_gmt":"2024-08-23T12:54:24","slug":"pisite-na","status":"publish","type":"page","link":"https:\/\/fondazione-polojaz.org\/sl\/pisite-na\/","title":{"rendered":"Kontakti"},"content":{"rendered":"\t\t<div data-elementor-type=\"wp-page\" data-elementor-id=\"2313\" class=\"elementor elementor-2313 elementor-312\">\n\t\t\t\t<div class=\"elementor-element elementor-element-e3af8e5 e-con-full e-flex e-con e-parent\" data-id=\"e3af8e5\" data-element_type=\"container\" data-settings=\"{&quot;background_background&quot;:&quot;classic&quot;}\">\n\t\t\t\t<div class=\"elementor-element elementor-element-7a96a460 elementor-widget elementor-widget-heading\" data-id=\"7a96a460\" data-element_type=\"widget\" data-widget_type=\"heading.default\">\n\t\t\t\t<div class=\"elementor-widget-container\">\n\t\t\t<h1 class=\"elementor-heading-title elementor-size-default\">Kontakti<\/h1>\t\t<\/div>\n\t\t\t\t<\/div>\n\t\t\t\t<\/div>\n\t\t<div class=\"elementor-element elementor-element-45813ee e-flex e-con-boxed e-con e-parent\" data-id=\"45813ee\" data-element_type=\"container\">\n\t\t\t\t\t<div class=\"e-con-inner\">\n\t\t\t\t<div class=\"elementor-element elementor-element-985a802 elementor-widget elementor-widget-spacer\" data-id=\"985a802\" data-element_type=\"widget\" data-widget_type=\"spacer.default\">\n\t\t\t\t<div class=\"elementor-widget-container\">\n\t\t\t\t\t<div class=\"elementor-spacer\">\n\t\t\t<div class=\"elementor-spacer-inner\"><\/div>\n\t\t<\/div>\n\t\t\t\t<\/div>\n\t\t\t\t<\/div>\n\t\t\t\t\t<\/div>\n\t\t\t\t<\/div>\n\t\t<div class=\"elementor-element elementor-element-24c16cf6 e-flex e-con-boxed e-con e-parent\" data-id=\"24c16cf6\" data-element_type=\"container\">\n\t\t\t\t\t<div class=\"e-con-inner\">\n\t\t<div class=\"elementor-element elementor-element-71f79242 e-con-full e-flex e-con e-child\" data-id=\"71f79242\" data-element_type=\"container\">\n\t\t\t\t<div class=\"elementor-element elementor-element-6124a2a4 elementor-icon-list--layout-traditional elementor-list-item-link-full_width elementor-widget elementor-widget-icon-list\" data-id=\"6124a2a4\" data-element_type=\"widget\" data-widget_type=\"icon-list.default\">\n\t\t\t\t<div class=\"elementor-widget-container\">\n\t\t\t\t\t<ul class=\"elementor-icon-list-items\">\n\t\t\t\t\t\t\t<li class=\"elementor-icon-list-item\">\n\t\t\t\t\t\t\t\t\t\t<span class=\"elementor-icon-list-text\"><b>Naslov:<\/b> Via Machiavelli, 5 34132 Trst<\/span>\n\t\t\t\t\t\t\t\t\t<\/li>\n\t\t\t\t\t\t\t\t<li class=\"elementor-icon-list-item\">\n\t\t\t\t\t\t\t\t\t\t<span class=\"elementor-icon-list-text\"><b>Delovni \u010das:<\/b> od ponedeljka do petka od 9:00 do 17:00<\/span>\n\t\t\t\t\t\t\t\t\t<\/li>\n\t\t\t\t\t\t\t\t<li class=\"elementor-icon-list-item\">\n\t\t\t\t\t\t\t\t\t\t<span class=\"elementor-icon-list-text\"><b>Telefon<\/b>: +39 040 363686<\/span>\n\t\t\t\t\t\t\t\t\t<\/li>\n\t\t\t\t\t\t\t\t<li class=\"elementor-icon-list-item\">\n\t\t\t\t\t\t\t\t\t\t<span class=\"elementor-icon-list-text\"><b>E-naslov:<\/b> info@foundation-polojaz.org<\/span>\n\t\t\t\t\t\t\t\t\t<\/li>\n\t\t\t\t\t\t\t\t<li class=\"elementor-icon-list-item\">\n\t\t\t\t\t\t\t\t\t\t<span class=\"elementor-icon-list-text\"><b>PEC:<\/b> foundation.polojaz@pec.it<\/span>\n\t\t\t\t\t\t\t\t\t<\/li>\n\t\t\t\t\t\t\t\t<li class=\"elementor-icon-list-item\">\n\t\t\t\t\t\t\t\t\t\t<span class=\"elementor-icon-list-text\"><b>Dav\u010dna \u0161tevilka:<\/b> 01066900323<\/span>\n\t\t\t\t\t\t\t\t\t<\/li>\n\t\t\t\t\t\t<\/ul>\n\t\t\t\t<\/div>\n\t\t\t\t<\/div>\n\t\t\t\t<\/div>\n\t\t\t\t<div class=\"elementor-element elementor-element-dd9e797 elementor-widget elementor-widget-google_maps\" data-id=\"dd9e797\" data-element_type=\"widget\" data-widget_type=\"google_maps.default\">\n\t\t\t\t<div class=\"elementor-widget-container\">\n\t\t\t\t\t<div class=\"elementor-custom-embed\">\n\t\t\t<iframe loading=\"lazy\"\n\t\t\t\t\tsrc=\"https:\/\/maps.google.com\/maps?q=Via%20Machiavelli%2C%205%2034132%20Trieste&#038;t=m&#038;z=13&#038;output=embed&#038;iwloc=near\"\n\t\t\t\t\ttitle=\"Via Machiavelli, 5 34132 Trieste\"\n\t\t\t\t\taria-label=\"Via Machiavelli, 5 34132 Trieste\"\n\t\t\t><\/iframe>\n\t\t<\/div>\n\t\t\t\t<\/div>\n\t\t\t\t<\/div>\n\t\t\t\t\t<\/div>\n\t\t\t\t<\/div>\n\t\t<div class=\"elementor-element elementor-element-2696f443 e-flex e-con-boxed e-con e-parent\" data-id=\"2696f443\" data-element_type=\"container\">\n\t\t\t\t\t<div class=\"e-con-inner\">\n\t\t<div class=\"elementor-element elementor-element-11889d7b e-con-full e-flex e-con e-child\" data-id=\"11889d7b\" data-element_type=\"container\" data-settings=\"{&quot;background_background&quot;:&quot;classic&quot;}\">\n\t\t\t\t<div class=\"elementor-element elementor-element-5978915 elementor-widget elementor-widget-image\" data-id=\"5978915\" data-element_type=\"widget\" data-widget_type=\"image.default\">\n\t\t\t\t<div class=\"elementor-widget-container\">\n\t\t\t\t\t\t\t\t\t\t\t\t\t<img fetchpriority=\"high\" decoding=\"async\" width=\"750\" height=\"500\" src=\"https:\/\/fondazione-polojaz.org\/wp-content\/uploads\/2023\/12\/contatti-1024x683.webp\" class=\"attachment-large size-large wp-image-3195\" alt=\"\" srcset=\"https:\/\/fondazione-polojaz.org\/wp-content\/uploads\/2023\/12\/contatti-1024x683.webp 1024w, https:\/\/fondazione-polojaz.org\/wp-content\/uploads\/2023\/12\/contatti-300x200.webp 300w, https:\/\/fondazione-polojaz.org\/wp-content\/uploads\/2023\/12\/contatti-768x512.webp 768w, https:\/\/fondazione-polojaz.org\/wp-content\/uploads\/2023\/12\/contatti-1536x1024.webp 1536w, https:\/\/fondazione-polojaz.org\/wp-content\/uploads\/2023\/12\/contatti-2048x1365.webp 2048w, https:\/\/fondazione-polojaz.org\/wp-content\/uploads\/2023\/12\/contatti-1568x1045.webp 1568w\" sizes=\"(max-width: 750px) 100vw, 750px\" style=\"width:100%;height:66.68%;max-width:2560px\" \/>\t\t\t\t\t\t\t\t\t\t\t\t\t<\/div>\n\t\t\t\t<\/div>\n\t\t\t\t<\/div>\n\t\t<div class=\"elementor-element elementor-element-6d81f5d7 e-con-full e-flex e-con e-child\" data-id=\"6d81f5d7\" data-element_type=\"container\">\n\t\t\t\t<div class=\"elementor-element elementor-element-87519aa elementor-widget elementor-widget-heading\" data-id=\"87519aa\" data-element_type=\"widget\" data-widget_type=\"heading.default\">\n\t\t\t\t<div class=\"elementor-widget-container\">\n\t\t\t<h4 class=\"elementor-heading-title elementor-size-default\">Za vse, ki nas \u017eelite podpreti<\/h4>\t\t<\/div>\n\t\t\t\t<\/div>\n\t\t\t\t<div class=\"elementor-element elementor-element-3d8e550 elementor-widget elementor-widget-text-editor\" data-id=\"3d8e550\" data-element_type=\"widget\" data-widget_type=\"text-editor.default\">\n\t\t\t\t<div class=\"elementor-widget-container\">\n\t\t\t\t\t\t\t<p><strong>Iban ZKB &#8211; CREDITO COOPERATIVO DI TRIESTE E GORIZIA:<\/strong> IT68X0892802204010000027519<\/p>\n\t\t\t\t\t\t<\/div>\n\t\t\t\t<\/div>\n\t\t\t\t<\/div>\n\t\t\t\t\t<\/div>\n\t\t\t\t<\/div>\n\t\t\t\t<\/div>\n\t\t","protected":false},"excerpt":{"rendered":"<p>Kontakti Naslov: Via Machiavelli, 5 34132 Trst Delovni \u010das: od ponedeljka do petka od 9:00 do 17:00 Telefon: +39 040 363686 E-naslov: info@foundation-polojaz.org PEC: foundation.polojaz@pec.it Dav\u010dna \u0161tevilka: 01066900323 Za vse, ki nas \u017eelite podpreti Iban ZKB &#8211; CREDITO COOPERATIVO DI TRIESTE E GORIZIA: IT68X0892802204010000027519<\/p>\n","protected":false},"author":1,"featured_media":1956,"parent":0,"menu_order":0,"comment_status":"closed","ping_status":"closed","template":"elementor_header_footer","meta":{"_acf_changed":false,"footnotes":""},"class_list":["post-2313","page","type-page","status-publish","has-post-thumbnail","hentry","entry"],"acf":[],"_links":{"self":[{"href":"https:\/\/fondazione-polojaz.org\/sl\/wp-json\/wp\/v2\/pages\/2313","targetHints":{"allow":["GET"]}}],"collection":[{"href":"https:\/\/fondazione-polojaz.org\/sl\/wp-json\/wp\/v2\/pages"}],"about":[{"href":"https:\/\/fondazione-polojaz.org\/sl\/wp-json\/wp\/v2\/types\/page"}],"author":[{"embeddable":true,"href":"https:\/\/fondazione-polojaz.org\/sl\/wp-json\/wp\/v2\/users\/1"}],"replies":[{"embeddable":true,"href":"https:\/\/fondazione-polojaz.org\/sl\/wp-json\/wp\/v2\/comments?post=2313"}],"version-history":[{"count":16,"href":"https:\/\/fondazione-polojaz.org\/sl\/wp-json\/wp\/v2\/pages\/2313\/revisions"}],"predecessor-version":[{"id":4161,"href":"https:\/\/fondazione-polojaz.org\/sl\/wp-json\/wp\/v2\/pages\/2313\/revisions\/4161"}],"wp:featuredmedia":[{"embeddable":true,"href":"https:\/\/fondazione-polojaz.org\/sl\/wp-json\/wp\/v2\/media\/1956"}],"wp:attachment":[{"href":"https:\/\/fondazione-polojaz.org\/sl\/wp-json\/wp\/v2\/media?parent=2313"}],"curies":[{"name":"wp","href":"https:\/\/api.w.org\/{rel}","templated":true}]}}