{"id":2317,"date":"2023-09-19T12:43:13","date_gmt":"2023-09-19T12:43:13","guid":{"rendered":"https:\/\/fondazione-polojaz.org\/credits\/"},"modified":"2024-08-23T10:15:21","modified_gmt":"2024-08-23T10:15:21","slug":"credits","status":"publish","type":"page","link":"https:\/\/fondazione-polojaz.org\/sl\/credits\/","title":{"rendered":"Credits"},"content":{"rendered":"\t\t<div data-elementor-type=\"wp-page\" data-elementor-id=\"2317\" class=\"elementor elementor-2317 elementor-771\">\n\t\t\t\t<div class=\"elementor-element elementor-element-24c16cf6 e-flex e-con-boxed e-con e-parent\" data-id=\"24c16cf6\" data-element_type=\"container\">\n\t\t\t\t\t<div class=\"e-con-inner\">\n\t\t<div class=\"elementor-element elementor-element-71f79242 e-con-full e-flex e-con e-child\" data-id=\"71f79242\" data-element_type=\"container\">\n\t\t\t\t<div class=\"elementor-element elementor-element-dd7468b elementor-hidden-desktop elementor-widget elementor-widget-spacer\" data-id=\"dd7468b\" data-element_type=\"widget\" data-widget_type=\"spacer.default\">\n\t\t\t\t<div class=\"elementor-widget-container\">\n\t\t\t\t\t<div class=\"elementor-spacer\">\n\t\t\t<div class=\"elementor-spacer-inner\"><\/div>\n\t\t<\/div>\n\t\t\t\t<\/div>\n\t\t\t\t<\/div>\n\t\t\t\t<div class=\"elementor-element elementor-element-4083a1f8 elementor-invisible elementor-widget elementor-widget-heading\" data-id=\"4083a1f8\" data-element_type=\"widget\" data-settings=\"{&quot;_animation&quot;:&quot;fadeIn&quot;}\" data-widget_type=\"heading.default\">\n\t\t\t\t<div class=\"elementor-widget-container\">\n\t\t\t<h2 class=\"elementor-heading-title elementor-size-default\">Credits<\/h2>\t\t<\/div>\n\t\t\t\t<\/div>\n\t\t\t\t<div class=\"elementor-element elementor-element-6eec4499 elementor-widget elementor-widget-text-editor\" data-id=\"6eec4499\" data-element_type=\"widget\" data-widget_type=\"text-editor.default\">\n\t\t\t\t<div class=\"elementor-widget-container\">\n\t\t\t\t\t\t\t<p><span class=\"NewsSummaryContent\">Spletna stran <strong>Sklada Libero in Zora Polojaz &#8211; ETS<\/strong><br \/>Ulica Machiavelli 5 Trieste<\/span><\/p>\n<p><span class=\"NewsSummaryContent\">Ne\u017ea Kravos, Veronika Lokar &#8211; <em>vsebina<\/em><br \/>Vlasta Polojaz &#8211; <em>nadyzor<\/em><br \/>Ne\u017ea Kravos, Kajetan Kravos &#8211; <em>Posodobitve, foto, grafika<\/em><br \/>Gianpiero Lui &#8211; <em>namestitev, arhitektura in tehni\u010dna podpora<\/em><\/span><\/p>\n\t\t\t\t\t\t<\/div>\n\t\t\t\t<\/div>\n\t\t\t\t<\/div>\n\t\t<div class=\"elementor-element elementor-element-68890400 e-con-full e-flex e-con e-child\" data-id=\"68890400\" data-element_type=\"container\" data-settings=\"{&quot;background_background&quot;:&quot;classic&quot;}\">\n\t\t\t\t<\/div>\n\t\t\t\t\t<\/div>\n\t\t\t\t<\/div>\n\t\t\t\t<\/div>\n\t\t","protected":false},"excerpt":{"rendered":"<p>Credits Spletna stran Sklada Libero in Zora Polojaz &#8211; ETSUlica Machiavelli 5 Trieste Ne\u017ea Kravos, Veronika Lokar &#8211; vsebinaVlasta Polojaz &#8211; nadyzorNe\u017ea Kravos, Kajetan Kravos &#8211; Posodobitve, foto, grafikaGianpiero Lui &#8211; namestitev, arhitektura in tehni\u010dna podpora<\/p>\n","protected":false},"author":1,"featured_media":0,"parent":0,"menu_order":0,"comment_status":"closed","ping_status":"closed","template":"elementor_header_footer","meta":{"_acf_changed":false,"footnotes":""},"class_list":["post-2317","page","type-page","status-publish","hentry","entry"],"acf":[],"_links":{"self":[{"href":"https:\/\/fondazione-polojaz.org\/sl\/wp-json\/wp\/v2\/pages\/2317","targetHints":{"allow":["GET"]}}],"collection":[{"href":"https:\/\/fondazione-polojaz.org\/sl\/wp-json\/wp\/v2\/pages"}],"about":[{"href":"https:\/\/fondazione-polojaz.org\/sl\/wp-json\/wp\/v2\/types\/page"}],"author":[{"embeddable":true,"href":"https:\/\/fondazione-polojaz.org\/sl\/wp-json\/wp\/v2\/users\/1"}],"replies":[{"embeddable":true,"href":"https:\/\/fondazione-polojaz.org\/sl\/wp-json\/wp\/v2\/comments?post=2317"}],"version-history":[{"count":16,"href":"https:\/\/fondazione-polojaz.org\/sl\/wp-json\/wp\/v2\/pages\/2317\/revisions"}],"predecessor-version":[{"id":4158,"href":"https:\/\/fondazione-polojaz.org\/sl\/wp-json\/wp\/v2\/pages\/2317\/revisions\/4158"}],"wp:attachment":[{"href":"https:\/\/fondazione-polojaz.org\/sl\/wp-json\/wp\/v2\/media?parent=2317"}],"curies":[{"name":"wp","href":"https:\/\/api.w.org\/{rel}","templated":true}]}}