{"id":2808,"date":"2023-09-19T09:31:25","date_gmt":"2023-09-19T09:31:25","guid":{"rendered":"https:\/\/fondazione-polojaz.org\/projekti-v-teku\/"},"modified":"2024-08-26T14:08:18","modified_gmt":"2024-08-26T14:08:18","slug":"projekti-v-teku","status":"publish","type":"page","link":"https:\/\/fondazione-polojaz.org\/sl\/projekti-v-teku\/","title":{"rendered":"Projekti"},"content":{"rendered":"\t\t<div data-elementor-type=\"wp-page\" data-elementor-id=\"2808\" class=\"elementor elementor-2808 elementor-148\">\n\t\t\t\t<div class=\"elementor-element elementor-element-986628f e-con-full e-flex e-con e-parent\" data-id=\"986628f\" data-element_type=\"container\" data-settings=\"{&quot;background_background&quot;:&quot;classic&quot;}\">\n\t\t<div class=\"elementor-element elementor-element-bd9f9fb e-con-full e-flex e-con e-child\" data-id=\"bd9f9fb\" data-element_type=\"container\" data-settings=\"{&quot;background_background&quot;:&quot;gradient&quot;}\">\n\t\t\t\t<div class=\"elementor-element elementor-element-873a607 elementor-widget elementor-widget-heading\" data-id=\"873a607\" data-element_type=\"widget\" data-widget_type=\"heading.default\">\n\t\t\t\t<div class=\"elementor-widget-container\">\n\t\t\t<h1 class=\"elementor-heading-title elementor-size-default\">Projekti<\/h1>\t\t<\/div>\n\t\t\t\t<\/div>\n\t\t\t\t<\/div>\n\t\t\t\t<\/div>\n\t\t<div class=\"elementor-element elementor-element-773a76cf e-con-full e-flex e-con e-parent\" data-id=\"773a76cf\" data-element_type=\"container\" data-settings=\"{&quot;background_background&quot;:&quot;classic&quot;}\">\n\t\t<div class=\"elementor-element elementor-element-2456a237 e-flex e-con-boxed e-con e-child\" data-id=\"2456a237\" data-element_type=\"container\">\n\t\t\t\t\t<div class=\"e-con-inner\">\n\t\t\t\t<div class=\"elementor-element elementor-element-2323166 elementor-widget elementor-widget-heading\" data-id=\"2323166\" data-element_type=\"widget\" data-widget_type=\"heading.default\">\n\t\t\t\t<div class=\"elementor-widget-container\">\n\t\t\t<h3 class=\"elementor-heading-title elementor-size-default\">Projekti v teku<\/h3>\t\t<\/div>\n\t\t\t\t<\/div>\n\t\t\t\t<div class=\"elementor-element elementor-element-b4cab52 elementor-widget elementor-widget-lps\" data-id=\"b4cab52\" data-element_type=\"widget\" data-widget_type=\"lps.default\">\n\t\t\t\t<div class=\"elementor-widget-container\">\n\t\t\t\t\t<div class=\"elementor-shortcode\">            <div class=\"completati-post \">\n                <h3>Zgodovinski razvoj, stanje in perspektive slovenskega gospodarstva v Italiji<\/h3>\n                <p>V sodelovanju z raziskovalnim in\u0161titutom SLORI bo v letih 2018-2019 izvedena raziskava o gospodarskem stanju Slovencev v obmo\u010dju...<\/p>\n                <a href=\"https:\/\/fondazione-polojaz.org\/sl\/completati\/zgodovinski-razvoj-stanje-in-perspektive-slovenskega-gospodarstva-v-italiji\/\" class=\"read-more\">Preberi ve\u010d<\/a>\n            <\/div>\n                        <div class=\"completati-post \">\n                <h3>Slovenski jezik v slovenski \u0161oli<\/h3>\n                <p>Delovna skupina Glavostik, ki jo sestavljajo strokovnjaki iz razli\u010dnih podro\u010dij jezikovnega pou\u010devanja, se sestaja \u017ee od leta 2015....<\/p>\n                <a href=\"https:\/\/fondazione-polojaz.org\/sl\/completati\/slovenski-jezik-v-slovenski-soli\/\" class=\"read-more\">Preberi ve\u010d<\/a>\n            <\/div>\n            <div class=\"clear\"><\/div><\/div>\n\t\t\t\t<\/div>\n\t\t\t\t<\/div>\n\t\t\t\t\t<\/div>\n\t\t\t\t<\/div>\n\t\t\t\t<\/div>\n\t\t<div class=\"elementor-element elementor-element-0b81489 e-con-full e-flex e-con e-parent\" data-id=\"0b81489\" data-element_type=\"container\" data-settings=\"{&quot;background_background&quot;:&quot;classic&quot;}\">\n\t\t<div class=\"elementor-element elementor-element-a24f83c e-flex e-con-boxed e-con e-child\" data-id=\"a24f83c\" data-element_type=\"container\">\n\t\t\t\t\t<div class=\"e-con-inner\">\n\t\t\t\t<div class=\"elementor-element elementor-element-4259d3d elementor-widget elementor-widget-heading\" data-id=\"4259d3d\" data-element_type=\"widget\" data-widget_type=\"heading.default\">\n\t\t\t\t<div class=\"elementor-widget-container\">\n\t\t\t<h3 class=\"elementor-heading-title elementor-size-default\">Zaklju\u010deni projekti<\/h3>\t\t<\/div>\n\t\t\t\t<\/div>\n\t\t\t\t\t<\/div>\n\t\t\t\t<\/div>\n\t\t\t\t<\/div>\n\t\t<div class=\"elementor-element elementor-element-c5c6275 e-flex e-con-boxed e-con e-parent\" data-id=\"c5c6275\" data-element_type=\"container\">\n\t\t\t\t\t<div class=\"e-con-inner\">\n\t\t\t\t<div class=\"elementor-element elementor-element-a6d085f elementor-widget elementor-widget-upk-post-category\" data-id=\"a6d085f\" data-element_type=\"widget\" data-widget_type=\"upk-post-category.default\">\n\t\t\t\t<div class=\"elementor-widget-container\">\n\t\t\t\t\t\t<div class=\"upk-post-category upk-category-style-1\">\n\t\t\t\t\n\t\t\t\t\t<a class=\"upk-category-item\" href=\"https:\/\/fondazione-polojaz.org\/sl\/category\/izobrazevanje\/\" style=\"background-color: #fff\">\n\t\t\t\t\t\t<!-- display image  -->\n\t\t\t\t\t\t\t\t\t\t\t\t<div class=\"upk-content\">\n\t\t\t\t\t\t\t<span class=\"upk-category-name\">\n\t\t\t\t\t\t\t\tIzobra\u017eevanje\t\t\t\t\t\t\t<\/span>\n\n\t\t\t\t\t\t\t\n\t\t\t\t\t\t\t\t\t\t\t\t\t<\/div>\n\n\t\t\t\t\t\t\n\t\t\t\t\t<\/a>\n\t\t\t\t\t\n\t\t\t\t\t<a class=\"upk-category-item\" href=\"https:\/\/fondazione-polojaz.org\/sl\/category\/dejavnost\/\" style=\"background-color: #fff\">\n\t\t\t\t\t\t<!-- display image  -->\n\t\t\t\t\t\t\t\t\t\t\t\t<div class=\"upk-content\">\n\t\t\t\t\t\t\t<span class=\"upk-category-name\">\n\t\t\t\t\t\t\t\tRaziskovalna dejavnost\t\t\t\t\t\t\t<\/span>\n\n\t\t\t\t\t\t\t\n\t\t\t\t\t\t\t\t\t\t\t\t\t<\/div>\n\n\t\t\t\t\t\t\n\t\t\t\t\t<\/a>\n\t\t\t\t\t\n\t\t\t\t\t<a class=\"upk-category-item\" href=\"https:\/\/fondazione-polojaz.org\/sl\/category\/seminarji\/\" style=\"background-color: #fff\">\n\t\t\t\t\t\t<!-- display image  -->\n\t\t\t\t\t\t\t\t\t\t\t\t<div class=\"upk-content\">\n\t\t\t\t\t\t\t<span class=\"upk-category-name\">\n\t\t\t\t\t\t\t\tSeminarji\t\t\t\t\t\t\t<\/span>\n\n\t\t\t\t\t\t\t\n\t\t\t\t\t\t\t\t\t\t\t\t\t<\/div>\n\n\t\t\t\t\t\t\n\t\t\t\t\t<\/a>\n\t\t\t\t\t\t\t\t<\/div>\n\t\t\t\t\t<\/div>\n\t\t\t\t<\/div>\n\t\t\t\t\t<\/div>\n\t\t\t\t<\/div>\n\t\t\t\t<\/div>\n\t\t","protected":false},"excerpt":{"rendered":"<p>Projekti Projekti v teku Zaklju\u010deni projekti Izobra\u017eevanje Raziskovalna dejavnost Seminarji<\/p>\n","protected":false},"author":1,"featured_media":0,"parent":0,"menu_order":0,"comment_status":"closed","ping_status":"closed","template":"elementor_header_footer","meta":{"_acf_changed":false,"footnotes":""},"class_list":["post-2808","page","type-page","status-publish","hentry","entry"],"acf":[],"_links":{"self":[{"href":"https:\/\/fondazione-polojaz.org\/sl\/wp-json\/wp\/v2\/pages\/2808","targetHints":{"allow":["GET"]}}],"collection":[{"href":"https:\/\/fondazione-polojaz.org\/sl\/wp-json\/wp\/v2\/pages"}],"about":[{"href":"https:\/\/fondazione-polojaz.org\/sl\/wp-json\/wp\/v2\/types\/page"}],"author":[{"embeddable":true,"href":"https:\/\/fondazione-polojaz.org\/sl\/wp-json\/wp\/v2\/users\/1"}],"replies":[{"embeddable":true,"href":"https:\/\/fondazione-polojaz.org\/sl\/wp-json\/wp\/v2\/comments?post=2808"}],"version-history":[{"count":70,"href":"https:\/\/fondazione-polojaz.org\/sl\/wp-json\/wp\/v2\/pages\/2808\/revisions"}],"predecessor-version":[{"id":4357,"href":"https:\/\/fondazione-polojaz.org\/sl\/wp-json\/wp\/v2\/pages\/2808\/revisions\/4357"}],"wp:attachment":[{"href":"https:\/\/fondazione-polojaz.org\/sl\/wp-json\/wp\/v2\/media?parent=2808"}],"curies":[{"name":"wp","href":"https:\/\/api.w.org\/{rel}","templated":true}]}}