{"id":2830,"date":"2023-09-25T14:20:57","date_gmt":"2023-09-25T14:20:57","guid":{"rendered":"https:\/\/fondazione-polojaz.org\/libero-in-zora-polojaz\/"},"modified":"2024-08-23T10:05:24","modified_gmt":"2024-08-23T10:05:24","slug":"libero-in-zora-polojaz","status":"publish","type":"page","link":"https:\/\/fondazione-polojaz.org\/sl\/libero-in-zora-polojaz\/","title":{"rendered":"Libero in Zora Polojaz"},"content":{"rendered":"\t\t<div data-elementor-type=\"wp-page\" data-elementor-id=\"2830\" class=\"elementor elementor-2830 elementor-2366\">\n\t\t\t\t<div class=\"elementor-element elementor-element-72b4787e e-con-full e-flex e-con e-parent\" data-id=\"72b4787e\" data-element_type=\"container\" data-settings=\"{&quot;background_background&quot;:&quot;classic&quot;}\">\n\t\t\t\t<div class=\"elementor-element elementor-element-3be3372f elementor-widget elementor-widget-heading\" data-id=\"3be3372f\" data-element_type=\"widget\" data-widget_type=\"heading.default\">\n\t\t\t\t<div class=\"elementor-widget-container\">\n\t\t\t<h1 class=\"elementor-heading-title elementor-size-default\">Libero in Zora Polojaz<\/h1>\t\t<\/div>\n\t\t\t\t<\/div>\n\t\t\t\t<\/div>\n\t\t<div class=\"elementor-element elementor-element-9d419d3 e-flex e-con-boxed e-con e-parent\" data-id=\"9d419d3\" data-element_type=\"container\">\n\t\t\t\t\t<div class=\"e-con-inner\">\n\t\t\t\t<div class=\"elementor-element elementor-element-9fd9dc6 elementor-widget elementor-widget-spacer\" data-id=\"9fd9dc6\" data-element_type=\"widget\" data-widget_type=\"spacer.default\">\n\t\t\t\t<div class=\"elementor-widget-container\">\n\t\t\t\t\t<div class=\"elementor-spacer\">\n\t\t\t<div class=\"elementor-spacer-inner\"><\/div>\n\t\t<\/div>\n\t\t\t\t<\/div>\n\t\t\t\t<\/div>\n\t\t\t\t\t<\/div>\n\t\t\t\t<\/div>\n\t\t<div class=\"elementor-element elementor-element-4149139 e-con-full e-flex e-con e-parent\" data-id=\"4149139\" data-element_type=\"container\">\n\t\t<div class=\"elementor-element elementor-element-0005e2e e-con-full e-flex e-con e-child\" data-id=\"0005e2e\" data-element_type=\"container\" data-settings=\"{&quot;background_background&quot;:&quot;classic&quot;}\">\n\t\t\t\t<\/div>\n\t\t<div class=\"elementor-element elementor-element-1c7534b e-con-full e-flex e-con e-child\" data-id=\"1c7534b\" data-element_type=\"container\">\n\t\t\t\t<div class=\"elementor-element elementor-element-8e41888 elementor-widget elementor-widget-heading\" data-id=\"8e41888\" data-element_type=\"widget\" data-widget_type=\"heading.default\">\n\t\t\t\t<div class=\"elementor-widget-container\">\n\t\t\t<h1 class=\"elementor-heading-title elementor-size-default\">Kdo sta bila Libero in Zora Polojaz?<\/h1>\t\t<\/div>\n\t\t\t\t<\/div>\n\t\t\t\t<div class=\"elementor-element elementor-element-6d6e9f3f elementor-widget elementor-widget-text-editor\" data-id=\"6d6e9f3f\" data-element_type=\"widget\" data-widget_type=\"text-editor.default\">\n\t\t\t\t<div class=\"elementor-widget-container\">\n\t\t\t\t\t\t\t<p>Zakonca Polojaz sta se rodila v \u010dasu Avstro-Ogrske v Istri, v notranjosti dr\u017eave, kjer je \u017eivelo ve\u010dinoma hrva\u0161ko prebivalstvo. Po poroki sta ve\u010d let \u017eivela v Postojni (Postojnska jama, Slovenija), kjer sta razvila uspe\u0161no podjetje. Na tej obmejni lokaciji so tako lahko cenili slovensko kulturo in dru\u017ebo, hkrati pa tudi italijansko stvarnost v njenih pozitivnih vidikih &#8211; kulture, ustvarjalnosti in podjetni\u0161tva, pa tudi v \u0161tevilnih negativnih vidikih, saj so do\u017eiveli no\u010dno moro dvajsetletnega fa\u0161isti\u010dnega obdobja, ki jih je prisililo v zapor samo zato, ker so bili vezani na svoj izvor in so se podrejali prevladujo\u010demu in uni\u010dujo\u010demu nacionalizmu.<\/p>\n<p><span class=\"NewsSummaryContent\">Kljub vsemu pa niso dovolili, da bi jih te negativne izku\u0161nje preplavile, saj so uspeli dobre izku\u0161nje, povezane z odnosi z ljudmi, obvarovati pred brutalnostjo in nasiljem re\u017eima; tako reko\u010d niso dovolili, da bi otrok izginil z umazano vodo.<\/span>.<\/p>\n\t\t\t\t\t\t<\/div>\n\t\t\t\t<\/div>\n\t\t\t\t<\/div>\n\t\t\t\t<\/div>\n\t\t<div class=\"elementor-element elementor-element-6d3cda50 e-con-full e-flex e-con e-parent\" data-id=\"6d3cda50\" data-element_type=\"container\">\n\t\t<div class=\"elementor-element elementor-element-74366f1a e-con-full e-flex e-con e-child\" data-id=\"74366f1a\" data-element_type=\"container\">\n\t\t\t\t<div class=\"elementor-element elementor-element-5f6b6210 elementor-widget__width-initial elementor-widget-mobile__width-inherit elementor-widget elementor-widget-text-editor\" data-id=\"5f6b6210\" data-element_type=\"widget\" data-widget_type=\"text-editor.default\">\n\t\t\t\t<div class=\"elementor-widget-container\">\n\t\t\t\t\t\t\t<p><span class=\"NewsSummaryContent\">Po drugi svetovni vojni sta se preselila v Trst in uresni\u010dila star projekt. Libero Polojaz se je tu lahko \u0161e naprej razvijal <\/span><span class=\"NewsSummaryContent\">s svojimi podjetni\u0161kimi sposobnostmi je skupaj z \u017eeno Zoro vedno finan\u010dno podpiral \u0161tevilne dobrodelne organizacije, \u0161olske pobude, kulturne in rekreativne dejavnosti, zlasti tiste, ki so namenjene otrokom in slovenski skupnosti. Te pobude niso smele biti ekstremisti\u010dno politi\u010dno obarvane, morale so biti ne le spo\u0161tljive do drugih etni\u010dnih skupin na obmo\u010dju, temve\u010d tudi \u010dim bolj zanimive in privla\u010dne za druge etni\u010dne skupine v skladu z na\u010delom, da je za resni\u010dno so\u017eitje treba najprej spoznati drug drugega<\/span>.<\/p>\n\t\t\t\t\t\t<\/div>\n\t\t\t\t<\/div>\n\t\t\t\t<\/div>\n\t\t<div class=\"elementor-element elementor-element-7d81ef03 e-con-full e-flex e-con e-child\" data-id=\"7d81ef03\" data-element_type=\"container\" data-settings=\"{&quot;background_background&quot;:&quot;classic&quot;}\">\n\t\t\t\t<\/div>\n\t\t\t\t<\/div>\n\t\t\t\t<\/div>\n\t\t","protected":false},"excerpt":{"rendered":"<p>Libero in Zora Polojaz Kdo sta bila Libero in Zora Polojaz? Zakonca Polojaz sta se rodila v \u010dasu Avstro-Ogrske v Istri, v notranjosti dr\u017eave, kjer je \u017eivelo ve\u010dinoma hrva\u0161ko prebivalstvo. Po poroki sta ve\u010d let \u017eivela v Postojni (Postojnska jama, Slovenija), kjer sta razvila uspe\u0161no podjetje. Na tej obmejni lokaciji so tako lahko cenili slovensko&hellip; <a class=\"more-link\" href=\"https:\/\/fondazione-polojaz.org\/sl\/libero-in-zora-polojaz\/\">Continue reading <span class=\"screen-reader-text\">Libero in Zora Polojaz<\/span><\/a><\/p>\n","protected":false},"author":1,"featured_media":0,"parent":0,"menu_order":0,"comment_status":"closed","ping_status":"closed","template":"elementor_header_footer","meta":{"_acf_changed":false,"footnotes":""},"class_list":["post-2830","page","type-page","status-publish","hentry","entry"],"acf":[],"_links":{"self":[{"href":"https:\/\/fondazione-polojaz.org\/sl\/wp-json\/wp\/v2\/pages\/2830","targetHints":{"allow":["GET"]}}],"collection":[{"href":"https:\/\/fondazione-polojaz.org\/sl\/wp-json\/wp\/v2\/pages"}],"about":[{"href":"https:\/\/fondazione-polojaz.org\/sl\/wp-json\/wp\/v2\/types\/page"}],"author":[{"embeddable":true,"href":"https:\/\/fondazione-polojaz.org\/sl\/wp-json\/wp\/v2\/users\/1"}],"replies":[{"embeddable":true,"href":"https:\/\/fondazione-polojaz.org\/sl\/wp-json\/wp\/v2\/comments?post=2830"}],"version-history":[{"count":11,"href":"https:\/\/fondazione-polojaz.org\/sl\/wp-json\/wp\/v2\/pages\/2830\/revisions"}],"predecessor-version":[{"id":4131,"href":"https:\/\/fondazione-polojaz.org\/sl\/wp-json\/wp\/v2\/pages\/2830\/revisions\/4131"}],"wp:attachment":[{"href":"https:\/\/fondazione-polojaz.org\/sl\/wp-json\/wp\/v2\/media?parent=2830"}],"curies":[{"name":"wp","href":"https:\/\/api.w.org\/{rel}","templated":true}]}}